{"id":4145,"date":"2018-11-09T09:23:31","date_gmt":"2018-11-09T09:23:31","guid":{"rendered":"http:\/\/laws.az\/en\/?page_id=4145"},"modified":"2019-05-16T10:58:35","modified_gmt":"2019-05-16T06:58:35","slug":"accounting-services-in-azerbaijan","status":"publish","type":"page","link":"https:\/\/laws.az\/en\/accounting-services-in-azerbaijan\/","title":{"rendered":"Accounting services in Azerbaijan"},"content":{"rendered":"<h3><span style=\"color: #000000;\"><img loading=\"lazy\" decoding=\"async\" class=\"Accounting services in Azerbaijan alignleft wp-image-5507 size-medium\" title=\"Accounting services in Azerbaijan\" src=\"https:\/\/laws.az\/wp-content\/uploads\/2018\/11\/laws.az-accounting-1-300x225.jpg\" alt=\"Accounting services in Azerbaijan\" width=\"300\" height=\"225\" srcset=\"https:\/\/laws.az\/wp-content\/uploads\/2018\/11\/laws.az-accounting-1-300x225.jpg 300w, https:\/\/laws.az\/wp-content\/uploads\/2018\/11\/laws.az-accounting-1-400x300.jpg 400w, https:\/\/laws.az\/wp-content\/uploads\/2018\/11\/laws.az-accounting-1.jpg 750w\" sizes=\"auto, (max-width: 300px) 100vw, 300px\" \/>Accounting services in Azerbaijan<\/span><\/h3>\n<p><span style=\"color: #000000;\">Dear friends. Laws.az provides accounting services for all types of moral and natural persons that have been established and registered and are operating in the territory of the Republic of Azerbaijan.<\/span><\/p>\n<p><span style=\"color: #000000;\">Of course, every businessman needs to support expert and valuable advice at all times of work in general and at the beginning of their business especially.<\/span><\/p>\n<p><span style=\"color: #000000;\">You can avoid any problems that may arise later by creating your work safely and correctly. In this sense, our main theme is thought under the slogan &#8220;Advisors Consulting is key to your successful future activity&#8221;.<\/span><\/p>\n<p><span style=\"color: #000000;\">Accounting services in Azerbaijan<\/span><\/p>\n<p>&nbsp;<\/p>\n<h3><span style=\"color: #000000;\">What types of seals do you have for accounting in Azerbaijan?<\/span><\/h3>\n<p><span style=\"color: #000000;\">Outsourcing of accounting services<\/span><\/p>\n<p><span style=\"color: #000000;\">Provide the necessary consultations to accelerate the pace of business development<\/span><\/p>\n<p><span style=\"color: #000000;\">Preparing annual and quarterly tax accounts and submitting them to the competent authorities<\/span><\/p>\n<p><span style=\"color: #000000;\">Accounting and acceptance of employees and workers and the removal of labor agreements and work orders and send the necessary information to the government agencies<\/span><\/p>\n<p><span style=\"color: #000000;\">Edit Bank Notes and Payment<\/span><br \/>\n<span style=\"color: #000000;\">Editing and submitting reports to the Ministry of Taxes (VAT and other taxes in Azerbaijan)<\/span><\/p>\n<p><span style=\"color: #000000;\">To edit the necessary reports and submit them to the State Social Protection Fund and the Government Statistics Committee of the Republic of Azerbaijan<\/span><\/p>\n<p><span style=\"color: #000000;\">Preparation of corporate budget<\/span><br \/>\n<span style=\"color: #000000;\">Editing of miscellaneous papers for the manager of the company<\/span><\/p>\n<p><span style=\"color: #000000;\">Support for foreign businessmen in the business administration of the Republic of Azerbaijan<\/span><\/p>\n<p><span style=\"color: #000000;\">Other services related to accounting in Azerbaijan<\/span><\/p>\n<p><span style=\"color: #000000;\">Our services are based on the agreement between us and you. The agreement consists of all the details of the services and activities that we will do for you. The agreements are arranged in Azerbaijan only if the company is established by the Azerbaijanis and arranged in Azerbaijani and foreign languages \u200b\u200b(Arabic, English, Russian, etc.) if the company is established by foreigners and for each two copies having equal legal force.<\/span><\/p>\n<p><span style=\"color: #000000;\">Accounting services in Azerbaijan<\/span><\/p>\n<p><span style=\"color: #000000;\">Our company cooperates not only with companies established in the Republic of Azerbaijan but also with companies registered in foreign countries and provides the necessary support and services.<\/span><\/p>\n<p><span style=\"color: #000000;\">You gain a reliable friend and excellent support as a result of cooperation with us. Our employees are well known in various legal and accounting fields in Azerbaijan and have long experience in dealing with local and foreign companies.<\/span><\/p>\n<p><span style=\"color: #000000;\">[vc_row][vc_column]<div class=\"sc_content main\" style=\"margin-top:95px !important;\"><h1 class=\"sc_title sc_title_regular\" style=\"text-align:center;\">Accounting services<\/h1><div class=\"sc_section sc_aligncenter\" style=\"margin-bottom:2.1em !important;font-weight:300;font-size:18px;line-height:30px;color: #818175;\">[vc_column_text]are consisting of the followings[\/vc_column_text]<\/div><\/div><div class=\"sc_content main\" style=\"margin-bottom:105px !important;\"><div id=\"sc_blogger_1612237533\" class=\"sc_blogger sc_blogger_horizontal style_portfolio3 portfolioWrap\"><section class=\"portfolio isotopeNOanim folio3col\" data-columns=\"3\">\n\t<article class=\"isotopeElement post_format_standard hover_Dir odd\">\n\n\t\t\n\t\t\t<div class=\"hover hoverDirShow\">\n\t\t\t\t\t\t\t\t<div class=\"folioShowBlock\">\n\t\t\t\t\t<div class=\"folioContentAfter\">\n\t\t\t\t\t\t<h4><a href=\"https:\/\/laws.az\/muhasibat-ucotu\/\">M\u00fchasibat u\u00e7otu<\/a><\/h4>\t\t\t\t\t\t<p>\n\t\t\t\t\t\tM\u00fchasibat u\u00e7otu M\u00fchasibat u\u00e7otu dedikd\u0259, h\u0259r bir m\u00fc\u0259ssis\u0259 v\u0259 t\u0259\u015fkilat\u0131n...\t\t\t\t\t\t<\/p>\n\t\t\t\t\t\t\t\t\t\t\t<\/div>\n\t\t\t\t<\/div>\n\t\t\t<\/div>\n\n\t\t\t<\/article>\n\n\t<article class=\"isotopeElement post_format_standard hover_Dir even\">\n\n\t\t\n\t\t\t<div class=\"hover hoverDirShow\">\n\t\t\t\t\t\t\t\t<div class=\"folioShowBlock\">\n\t\t\t\t\t<div class=\"folioContentAfter\">\n\t\t\t\t\t\t<h4><a href=\"https:\/\/laws.az\/%c9%99m%c9%99k-muqavil%c9%99si\/\">\u018fm\u0259k m\u00fcqavil\u0259si<\/a><\/h4>\t\t\t\t\t\t<p>\n\t\t\t\t\t\t\u018fm\u0259k m\u00fcqavil\u0259si Az\u0259rbaycan Respublikas\u0131n\u0131n \u018fm\u0259k M\u0259c\u0259ll\u0259si i\u015f\u00e7i v\u0259 i\u015f\u0259 g\u00f6t\u00fcr\u0259n aras\u0131nda...\t\t\t\t\t\t<\/p>\n\t\t\t\t\t\t\t\t\t\t\t<\/div>\n\t\t\t\t<\/div>\n\t\t\t<\/div>\n\n\t\t\t<\/article>\n\n\t<article class=\"isotopeElement post_format_standard hover_Dir odd\">\n\n\t\t\n\t\t\t<div class=\"hover hoverDirShow\">\n\t\t\t\t\t\t\t\t<div class=\"folioShowBlock\">\n\t\t\t\t\t<div class=\"folioContentAfter\">\n\t\t\t\t\t\t<h4><a href=\"https:\/\/laws.az\/kadr-ucotu\/\">Kadr u\u00e7otu<\/a><\/h4>\t\t\t\t\t\t<p>\n\t\t\t\t\t\tKadr u\u00e7otu H\u0259r bir m\u00fc\u0259ssis\u0259 v\u0259 t\u0259\u015fkilata kadr u\u00e7otunu h\u0259yata ke\u00e7irm\u0259k z\u0259ruridir...\t\t\t\t\t\t<\/p>\n\t\t\t\t\t\t\t\t\t\t\t<\/div>\n\t\t\t\t<\/div>\n\t\t\t<\/div>\n\n\t\t\t<\/article>\n\n\t<article class=\"isotopeElement post_format_standard hover_Dir even\">\n\n\t\t\n\t\t\t<div class=\"hover hoverDirShow\">\n\t\t\t\t\t\t\t\t<div class=\"folioShowBlock\">\n\t\t\t\t\t<div class=\"folioContentAfter\">\n\t\t\t\t\t\t<h4><a href=\"https:\/\/laws.az\/karguzarliq\/\">Karg\u00fczarl\u0131q<\/a><\/h4>\t\t\t\t\t\t<p>\n\t\t\t\t\t\tKarg\u00fczarl\u0131q M\u00fc\u0259ssis\u0259 v\u0259 t\u0259\u015fkilatlar, h\u00fcquqi \u015f\u0259xsl\u0259r t\u0259r\u0259find\u0259n d\u00fczg\u00fcn apar\u0131lan...\t\t\t\t\t\t<\/p>\n\t\t\t\t\t\t\t\t\t\t\t<\/div>\n\t\t\t\t<\/div>\n\t\t\t<\/div>\n\n\t\t\t<\/article>\n<\/section><\/div><div class=\"columnsWrap sc_columns sc_columns_count_1\"><div class=\"columns1_1 sc_column_item sc_column_item_1 odd first\" style=\"text-align:center;;\"><\/div><\/div><\/div>[\/vc_column][\/vc_row][vc_row][vc_column][vc_column_text]\u00a0<\/span><\/p>\n<h3 style=\"text-align: center;\"><span style=\"color: #000000;\"><strong>OUR ACCOUNTANTS<\/strong><\/span><\/h3>\n<p><span style=\"color: #000000;\"><div class=\"sc_team\"><div class=\"sc_columns columnsWrap\"><div class=\"columns1_3\"><div class=\"sc_team_item sc_team_item_1 odd first\"><div class=\"sc_team_item_avatar\"><img loading=\"lazy\" decoding=\"async\" class=\"wp-post-image\" width=\"370\" height=\"370\" alt=\"04_team.png\" src=\"http:\/\/laws.az\/wp-content\/uploads\/2018\/12\/04_team-370x370.png\"><div class=\"sc_team_item_description\">Accountant<\/span><span style=\"color: #000000;\"><\/div><\/div><div class=\"sc_team_item_info\"><h3 class=\"sc_team_item_title\"><a href=\"http:\/\/laws.az\/en\/about-accountant\/\">Sona Gulxar<\/a><\/h3><div class=\"sc_team_item_position theme_accent2\">Accountant<\/div><ul class=\"sc_team_item_socials\"><li><a href=\"#\" class=\"social_icons icon-facebook\" target=\"_blank\"><\/a><\/li><li><a href=\"#\" class=\"social_icons icon-twitter\" target=\"_blank\"><\/a><\/li><li><a href=\"#\" class=\"social_icons icon-gplus\" target=\"_blank\"><\/a><\/li><li><a href=\"#\" class=\"social_icons icon-dribbble\" target=\"_blank\"><\/a><\/li><\/ul><\/div><\/div><\/div><div class=\"columns1_3\"><div class=\"sc_team_item sc_team_item_2 even\"><div class=\"sc_team_item_avatar\"><img loading=\"lazy\" decoding=\"async\" class=\"wp-post-image\" width=\"370\" height=\"370\" alt=\"03_team.png\" src=\"http:\/\/laws.az\/wp-content\/uploads\/2018\/12\/03_team-370x370.png\"><div class=\"sc_team_item_description\">Accountant&#8230;<\/div><\/div><div class=\"sc_team_item_info\"><h3 class=\"sc_team_item_title\"><a href=\"http:\/\/laws.az\/en\/about-accountant-2\/\">Safarov Ahmad<\/a><\/h3><div class=\"sc_team_item_position theme_accent2\">High accountant<\/div><ul class=\"sc_team_item_socials\"><li><a href=\"#\" class=\"social_icons icon-facebook\" target=\"_blank\"><\/a><\/li><li><a href=\"#\" class=\"social_icons icon-twitter\" target=\"_blank\"><\/a><\/li><li><a href=\"#\" class=\"social_icons icon-gplus\" target=\"_blank\"><\/a><\/li><\/ul><\/div><\/div><\/div><\/div><\/div><div class=\"sc_line sc_line_style_solid\" style=\"border-top-width:1px;border-top-style:solid;border-top-color:#dddddd;\"><\/div><\/span>[\/vc_column_text][\/vc_column][\/vc_row][vc_row][vc_column]<div class=\"sc_content main\" style=\"margin-top:95px !important;\"><h1 class=\"sc_title sc_title_regular\" style=\"text-align:center;\">PRICES FOR SERVICES<\/h1><div class=\"sc_section sc_aligncenter\" style=\"margin-bottom:2.1em !important;font-weight:300;font-size:18px;line-height:30px;color: #818175;\">[vc_column_text][\/vc_column_text]<\/div><\/div><div class=\"sc_content main\" style=\"margin-bottom:110px !important;\"><div class=\"sc_pricing_table columns_3 alignCenter\"><div class=\"sc_pricing_columns sc_pricing_column_1\"><ul><li class=\"sc_pricing_data sc_pricing_title\"><div>Document<\/p>\n<p><span style=\"color: #000000;\">preparation<\/div><\/li><li class=\"sc_pricing_data sc_pricing_price\"><div>\n\t\t\t<div class=\"sc_price_item\">\n\t\t\t\t<div class=\"sc_price_currency\"> \u20bc<\/div>\n\t\t\t\t<div class=\"sc_price_money\">29.<\/div>\n\t\t\t\t<div class=\"sc_price_info\">\n\t\t\t\t\t<div class=\"sc_price_penny\">95<\/div>\n\t\t\t\t\t<div class=\"sc_price_period\"><\/div>\n\t\t\t\t<\/div>\n\t\t\t<\/div>\n\t\t<\/div><\/li><li class=\"sc_pricing_data\"><div>Get step-by-step instructions to customize and complete your documents<\/div><\/li><li class=\"sc_pricing_data\"><div>Edit, download, print and share as many documents as you need<\/div><\/li><li class=\"sc_pricing_data sc_pricing_footer\"><div><div class=\"sc_button sc_button_style_dark sc_button_size_medium squareButton dark medium\"><a href=\"#\" class=\"\">Sign Up<\/a><\/div><\/div><\/li><\/ul><\/div><div class=\"sc_pricing_columns sc_pricing_column_2\"><ul><li class=\"sc_pricing_data sc_pricing_title\"><div>Online Consulting<\/div><\/li><li class=\"sc_pricing_data sc_pricing_price\"><div>\n\t\t\t<div class=\"sc_price_item\">\n\t\t\t\t<div class=\"sc_price_currency\"> \u20bc<\/div>\n\t\t\t\t<div class=\"sc_price_money\">59.<\/div>\n\t\t\t\t<div class=\"sc_price_info\">\n\t\t\t\t\t<div class=\"sc_price_penny\">95<\/div>\n\t\t\t\t\t<div class=\"sc_price_period\"><\/div>\n\t\t\t\t<\/div>\n\t\t\t<\/div>\n\t\t<\/div><\/li><li class=\"sc_pricing_data\"><div>Sign your documents online in seconds<\/div><\/li><li class=\"sc_pricing_data\"><div>Receive deep discounts when you need more help<\/div><\/li><li class=\"sc_pricing_data sc_pricing_footer\"><div><div class=\"sc_button sc_button_style_dark sc_button_size_medium squareButton dark medium\"><a href=\"#\" class=\"\">Sign Up<\/a><\/div><\/div><\/li><\/ul><\/div><div class=\"sc_pricing_columns sc_pricing_column_3\"><ul><li class=\"sc_pricing_data sc_pricing_title\"><div>Deal Support<\/div><\/li><li class=\"sc_pricing_data sc_pricing_price\"><div>\n\t\t\t<div class=\"sc_price_item\">\n\t\t\t\t<div class=\"sc_price_currency\"> \u20bc<\/div>\n\t\t\t\t<div class=\"sc_price_money\">99.<\/div>\n\t\t\t\t<div class=\"sc_price_info\">\n\t\t\t\t\t<div class=\"sc_price_penny\">95<\/div>\n\t\t\t\t\t<div class=\"sc_price_period\"><\/div>\n\t\t\t\t<\/div>\n\t\t\t<\/div>\n\t\t<\/div><\/li><li class=\"sc_pricing_data\"><div>Ask a lawyer your legal questions<\/div><\/li><li class=\"sc_pricing_data\"><div>Have a lawyer review your work to make sure it&#8217;s done right<\/div><\/li><li class=\"sc_pricing_data sc_pricing_footer\"><div><div class=\"sc_button sc_button_style_dark sc_button_size_medium squareButton dark medium\"><a href=\"#\" class=\"\">Sign Up<\/a><\/div><\/div><\/li><\/ul><\/div><\/div><\/div>[\/vc_column][\/vc_row][vc_row][vc_column][vc_column_text]<\/span>[\/vc_column_text][\/vc_column][\/vc_row] ","protected":false},"excerpt":{"rendered":"<p>Accounting services in Azerbaijan Dear friends. Laws.az provides accounting services for all types of moral and natural persons that have been established and registered and are operating in the territory of the Republic of Azerbaijan. Of course, every businessman needs to support expert and valuable advice at all times of work in general and at [&hellip;] ","protected":false},"author":1,"featured_media":0,"parent":0,"menu_order":0,"comment_status":"closed","ping_status":"closed","template":"","meta":{"footnotes":""},"yst_prominent_words":[],"class_list":["post-4145","page","type-page","status-publish","hentry"],"_links":{"self":[{"href":"https:\/\/laws.az\/en\/wp-json\/wp\/v2\/pages\/4145\/"}],"collection":[{"href":"https:\/\/laws.az\/en\/wp-json\/wp\/v2\/pages\/"}],"about":[{"href":"https:\/\/laws.az\/en\/wp-json\/wp\/v2\/types\/page\/"}],"author":[{"embeddable":true,"href":"https:\/\/laws.az\/en\/wp-json\/wp\/v2\/users\/1\/"}],"replies":[{"embeddable":true,"href":"https:\/\/laws.az\/en\/wp-json\/wp\/v2\/comments\/?post=4145"}],"version-history":[{"count":0,"href":"https:\/\/laws.az\/en\/wp-json\/wp\/v2\/pages\/4145\/revisions\/"}],"wp:attachment":[{"href":"https:\/\/laws.az\/en\/wp-json\/wp\/v2\/media\/?parent=4145"}],"wp:term":[{"taxonomy":"yst_prominent_words","embeddable":true,"href":"https:\/\/laws.az\/en\/wp-json\/wp\/v2\/yst_prominent_words\/?post=4145"}],"curies":[{"name":"wp","href":"https:\/\/api.w.org\/{rel}","templated":true}]}}