{"id":6274,"date":"2018-11-09T09:23:31","date_gmt":"2018-11-09T09:23:31","guid":{"rendered":"http:\/\/laws.az\/ar\/accounting-services-in-azerbaijan\/"},"modified":"2019-05-02T17:12:30","modified_gmt":"2019-05-02T13:12:30","slug":"%d8%ae%d8%af%d9%85%d8%a7%d8%aa-%d8%a7%d9%84%d9%85%d8%ad%d8%a7%d8%b3%d8%a8%d8%a9-%d9%81%d9%8a-%d8%a3%d8%b0%d8%b1%d8%a8%d9%8a%d8%ac%d8%a7%d9%86","status":"publish","type":"page","link":"https:\/\/laws.az\/ar\/%d8%ae%d8%af%d9%85%d8%a7%d8%aa-%d8%a7%d9%84%d9%85%d8%ad%d8%a7%d8%b3%d8%a8%d8%a9-%d9%81%d9%8a-%d8%a3%d8%b0%d8%b1%d8%a8%d9%8a%d8%ac%d8%a7%d9%86\/","title":{"rendered":"\u062e\u062f\u0645\u0627\u062a \u0627\u0644\u0645\u062d\u0627\u0633\u0628\u0629 \u0641\u064a \u0623\u0630\u0631\u0628\u064a\u062c\u0627\u0646"},"content":{"rendered":"<h3><span style=\"color: #000000;\"><img loading=\"lazy\" decoding=\"async\" class=\"size-medium wp-image-5509 alignleft\" src=\"http:\/\/laws.az\/wp-content\/uploads\/2018\/11\/laws.az-accounting-1-300x225.jpg\" alt=\"\" width=\"300\" height=\"225\" srcset=\"https:\/\/laws.az\/wp-content\/uploads\/2018\/11\/laws.az-accounting-1-300x225.jpg 300w, https:\/\/laws.az\/wp-content\/uploads\/2018\/11\/laws.az-accounting-1-400x300.jpg 400w, https:\/\/laws.az\/wp-content\/uploads\/2018\/11\/laws.az-accounting-1.jpg 750w\" sizes=\"auto, (max-width: 300px) 100vw, 300px\" \/>\u062e\u062f\u0645\u0627\u062a \u0627\u0644\u0645\u062d\u0627\u0633\u0628\u0629 \u0641\u064a \u0623\u0630\u0631\u0628\u064a\u062c\u0627\u0646<\/span><\/h3>\n<p><span style=\"color: #000000;\">\u0627\u0635\u062f\u0642\u0627\u0624\u0646\u0627 \u0627\u0644\u0627\u0639\u0632\u0627\u0621. \u064a\u0642\u062f\u0645 <strong>laws.az<\/strong> \u062e\u062f\u0645\u0627\u062a \u0627\u0644\u0645\u062d\u0627\u0633\u0628\u0629 \u0644\u062c\u0645\u064a\u0639 \u0627\u0646\u0648\u0627\u0639 \u0627\u0644\u0634\u062e\u0635\u064a\u0627\u062a \u0627\u0644\u0645\u0639\u0646\u0648\u064a\u0629 \u0648 \u0627\u0644\u0637\u0628\u064a\u0639\u064a\u0629 \u0627\u0644\u062a\u064a \u062a\u0645 \u062a\u0627\u0633\u064a\u0633\u0647\u0627 \u0648 \u062a\u0633\u062c\u064a\u0644\u0647\u0627 \u0648 \u062a\u0642\u0648\u0645 \u0628\u0627\u0639\u0645\u0627\u0644\u0647\u0627 \u0641\u064a \u0627\u0631\u0627\u0636\u064a \u062c\u0645\u0647\u0648\u0631\u064a\u0629 \u0627\u0630\u0631\u0628\u064a\u062c\u0627\u0646. \u0637\u0628\u0639\u0627 \u064a\u062d\u062a\u0627\u062c \u0643\u0644 \u0631\u062c\u0644 \u0627\u0644\u0627\u0639\u0645\u0627\u0644 \u0625\u0644\u0649 \u062f\u0639\u0645 \u062e\u0628\u064a\u0631 \u0648 \u0627\u0633\u062a\u0634\u0627\u0631\u0627\u062a \u0642\u064a\u0651\u0645\u0629 \u0641\u064a \u0643\u0644 \u0627\u0648\u0642\u0627\u062a \u0627\u0644\u0639\u0645\u0644 \u0639\u0627\u0645\u0629 \u0648 \u0641\u064a \u0628\u062f\u0627\u064a\u0629 \u0627\u0639\u0645\u0627\u0644\u0647\u0645 \u0627\u0644\u062a\u062c\u0627\u0631\u064a\u0629 \u062e\u0627\u0635\u0629. \u064a\u0645\u0643\u0646\u0643\u0645 \u062a\u062c\u0646\u0628 \u0645\u0646 \u0627\u064a \u0645\u0634\u0627\u0643\u0644 \u0642\u062f \u062a\u0646\u0634\u0623 \u0644\u0627\u062d\u0642\u0627 \u0628\u0641\u0636\u0644 \u0625\u0646\u0634\u0627\u0621 \u0623\u0639\u0645\u0627\u0644\u0643\u0645 \u0628\u0627\u0645\u0627\u0646 \u0648 \u0628\u0634\u0643\u0644 \u0635\u062d\u064a\u062d.<\/span><\/p>\n<p><span style=\"color: #000000;\"> \u0648 \u0628\u0647\u0630\u0627 \u0627\u0644\u0645\u0639\u0646\u0649\u060c \u0641\u0631\u0645\u0632\u0646\u0627 \u0627\u0644\u0627\u0633\u0627\u0633\u064a \u0647\u0648 \u0641\u0643\u0631 \u062a\u062d\u062a \u0634\u0639\u0627\u0631 &#8220;\u0627\u0633\u062a\u0634\u0627\u0631\u0627\u062a \u0627\u0644\u0645\u062e\u0635\u0635\u064a\u0646 \u0647\u064a \u0645\u0641\u062a\u0627\u062d \u0644\u0646\u0634\u0627\u0637\u0643\u0645 \u0627\u0644\u0646\u0627\u062c\u062d \u0641\u064a \u0627\u0644\u0645\u0633\u062a\u0642\u0628\u0644&#8221;.<\/span><\/p>\n<p><span style=\"color: #000000;\">\u062e\u062f\u0645\u0627\u062a \u0627\u0644\u0645\u062d\u0627\u0633\u0628\u0629 \u0641\u064a \u0623\u0630\u0631\u0628\u064a\u062c\u0627\u0646<\/span><\/p>\n<h4><span style=\"color: #000000;\">\u0627\u064a \u0646\u0648\u0639 \u0645\u0646 \u0627\u0646\u0648\u0627\u0639 \u0627\u0644\u062e\u062a\u0645\u0627\u062a \u062a\u0642\u0648\u0645 \u0628\u0647\u0627 \u0634\u0631\u0643\u062a\u0646\u0627 \u0644\u0643\u0645 \u0641\u064a \u0645\u062c\u0627\u0644 \u0627\u0644\u0645\u062d\u0627\u0633\u0628\u0629 \u0641\u064a \u0627\u0630\u0631\u0628\u064a\u062c\u0627\u0646\u061f<\/span><\/h4>\n<ul>\n<li><span style=\"color: #000000;\">\u0627\u0644\u0627\u0633\u062a\u0639\u0627\u0646\u0629 \u0628\u0627\u0644\u0645\u0635\u0627\u062f\u0631 \u0627\u0644\u062e\u0627\u0631\u062c\u064a\u0629 \u0644\u062e\u062f\u0645\u0627\u062a \u0627\u0644\u0645\u062d\u0627\u0633\u0628\u0629<\/span><\/li>\n<li><span style=\"color: #000000;\">\u062a\u0642\u062f\u064a\u0645 \u0627\u0644\u0627\u0633\u062a\u0634\u0627\u0631\u0627\u062a \u0627\u0644\u0636\u0631\u0648\u0631\u064a\u0629 \u0644\u062f\u0641\u0639 \u0648\u062a\u064a\u0631\u0629 \u0627\u0646\u0645\u0627\u0621 \u0627\u0644\u0628\u064a\u0632\u0646\u0633<\/span><\/li>\n<li><span style=\"color: #000000;\">\u0625\u0639\u062f\u0627\u062f \u0627\u0644\u062d\u0633\u0627\u0628\u0627\u062a \u0627\u0644\u0636\u0631\u064a\u0628\u064a\u0629 \u0627\u0644\u0641\u0635\u064a\u0644\u064a\u0629 \u0648 \u0627\u0644\u0633\u0646\u0648\u064a\u0629 \u0648 \u062a\u0642\u062f\u064a\u0645\u0647\u0627 \u0627\u0644\u0649 \u0627\u0644\u062c\u0647\u0627\u062a \u0627\u0644\u0645\u062e\u062a\u0635\u0629<\/span><\/li>\n<li><span style=\"color: #000000;\">\u0645\u062d\u0627\u0633\u0628\u0629 \u0627\u0644\u0645\u0648\u0638\u0641\u064a\u0646 \u0648 \u0627\u0644\u0639\u0645\u0627\u0644 \u0648 \u0642\u0628\u0648\u0644\u0647\u0645 \u0644\u0644\u0639\u0645\u0644 \u0648 \u0639\u0632\u0644\u0647\u0645 \u0648 \u062a\u062d\u0631\u064a\u0631 \u0627\u062a\u0641\u0627\u0642\u064a\u0627\u062a \u0627\u0644\u0639\u0645\u0644 \u0648 \u0627\u0648\u0627\u0645\u0631 \u0627\u0644\u0639\u0645\u0644 \u0648 \u0625\u0631\u0633\u0627\u0644 \u0627\u0644\u0645\u0639\u0644\u0648\u0645\u0627\u062a \u0627\u0644\u0636\u0631\u0648\u0631\u064a\u0629 \u0627\u0644\u0649 \u0627\u0644\u062c\u0647\u0627\u062a \u0627\u0644\u062d\u0643\u0648\u0645\u064a\u0629 \u0627\u0644\u0645\u062a\u062e\u0635\u0629<\/span><\/li>\n<li><span style=\"color: #000000;\">\u062a\u062d\u0631\u064a\u0631 \u0627\u0648\u0631\u0627\u0642 \u0627\u0644\u0628\u0646\u0643 \u0648 \u0627\u0644\u062a\u0633\u062f\u064a\u062f<\/span><\/li>\n<li><span style=\"color: #000000;\">\u062a\u062d\u0631\u064a\u0631 \u0627\u0644\u062a\u0642\u0627\u0631\u064a\u0631 \u0648 \u062a\u0642\u062f\u064a\u0645\u0647\u0627 \u0627\u0644\u0649 \u0648\u0632\u0627\u0631\u0629 \u0627\u0644\u0636\u0631\u0627\u0626\u0628 (\u062a\u0642\u0627\u0631\u064a\u0631 \u0636\u0631\u064a\u0628\u0629 \u0639\u0644\u0649 \u0627\u0644\u0642\u064a\u0645\u0629 \u0627\u0644\u0645\u0636\u0627\u0641\u0629 \u0648 \u0627\u0644\u0636\u0631\u0627\u0626\u0628 \u0627\u0644\u0627\u062e\u0631\u0649 \u0641\u064a \u062c\u0645\u0647\u0648\u0631\u064a\u0629 \u0627\u0630\u0631\u0628\u064a\u062c\u0627\u0646)<\/span><\/li>\n<li><span style=\"color: #000000;\">\u062a\u062d\u0631\u064a\u0631 \u0627\u0644\u062a\u0642\u0627\u0631\u064a\u0631 \u0627\u0644\u0644\u0627\u0632\u0645\u0629 \u0648 \u062a\u0642\u062f\u064a\u0645\u0647\u0627 \u0627\u0644\u0649 \u0635\u0646\u062f\u0648\u0642 \u0627\u0644\u062d\u0645\u0627\u064a\u0629 \u0627\u0644\u0627\u062c\u062a\u0645\u0627\u0639\u064a\u0629 \u0627\u0644\u062d\u0643\u0648\u0645\u064a \u0648 \u0644\u062c\u0646\u0629 \u0627\u0644\u0627\u062d\u0635\u0627\u0621\u0627\u062a \u0627\u0644\u062d\u0643\u0648\u0645\u064a\u0629 \u0628\u062c\u0645\u0647\u0648\u0631\u064a\u0629 \u0627\u0630\u0631\u0628\u064a\u062c\u0627\u0646<\/span><\/li>\n<li><span style=\"color: #000000;\">\u0625\u0639\u062f\u0627\u062f \u0645\u064a\u0632\u0627\u0646\u064a\u0629 \u0627\u0644\u0634\u0631\u0643\u0627\u062a<\/span><\/li>\n<li><span style=\"color: #000000;\">\u062a\u062d\u0631\u064a\u0631 \u0627\u0644\u0627\u0648\u0631\u0627\u0642 \u0627\u0644\u0645\u062a\u0646\u0648\u0639\u0629 \u0644\u0645\u062f\u064a\u0631 \u0627\u0644\u0634\u0631\u0643\u0629<\/span><\/li>\n<li><span style=\"color: #000000;\">\u062f\u0639\u0645 \u0644\u0631\u062c\u0627\u0644 \u0627\u0644\u0623\u0639\u0645\u0627\u0644 \u0627\u0644\u0627\u062c\u0627\u0646\u0628 \u0641\u064a \u0625\u062f\u0627\u0631\u0629 \u0628\u064a\u0632\u0646\u0633 \u0641\u064a \u062c\u0645\u0647\u0648\u0631\u064a\u0629 \u0627\u0630\u0631\u0628\u064a\u062c\u0627\u0646<\/span><\/li>\n<li><span style=\"color: #000000;\">\u0627\u0644\u062e\u062f\u0645\u0627\u062a \u0627\u0644\u0627\u062e\u0631\u0649 \u0627\u0644\u0645\u062a\u0639\u0644\u0642\u0629 \u0641\u064a \u0627\u0644\u0645\u062d\u0627\u0633\u0628\u0629 \u0641\u064a \u0627\u0630\u0631\u0628\u064a\u062c\u0627\u0646<\/span><\/li>\n<\/ul>\n<p><span style=\"color: #000000;\">\u062a\u0642\u0648\u0645 \u0634\u0631\u0643\u062a\u0646\u0627 \u0628\u062e\u062f\u0645\u0627\u062a\u0647\u0627 \u0628\u0646\u0627\u0621 \u0639\u0644\u0649 \u0627\u0644\u0627\u062a\u0641\u0627\u0642\u064a\u0629 \u0627\u0644\u0645\u0639\u0642\u0648\u062f\u0629 \u0628\u064a\u0646\u0646\u0627 \u0648 \u0628\u064a\u0646\u0643\u0645 \u0648 \u062a\u062a\u0643\u0648\u0646 \u0627\u0644\u0627\u062a\u0641\u0627\u0642\u064a\u0629 \u0645\u0646 \u062c\u0645\u064a\u0639 \u0627\u0644\u062a\u0641\u0627\u0635\u064a\u0644 \u0644\u0644\u062e\u062f\u0645\u0627\u062a \u0648 \u0627\u0644\u0627\u0646\u0634\u0637\u0629 \u0627\u0644\u062a\u064a \u0633\u0648\u0641 \u0646\u0642\u0648\u0645 \u0628\u0647\u0627 \u0644\u0643\u0645. \u064a\u062a\u0645 \u062a\u0631\u062a\u064a\u0628 \u0627\u0644\u0627\u062a\u0641\u0627\u0642\u064a\u0627\u062a \u0628\u0627\u0644\u0644\u063a\u0629 \u0627\u0644\u0627\u0630\u0631\u0628\u064a\u062c\u0627\u0646\u064a\u0629 \u0641\u0642\u0637 \u0627\u0630\u0627 \u0645\u0627 \u062a\u0645 \u062a\u0627\u0633\u064a\u0633 \u0627\u0644\u0634\u0631\u0643\u0629 \u0645\u0646 \u0642\u0628\u0644 \u0627\u0644\u0627\u0630\u0631\u0628\u064a\u062c\u0627\u0646\u064a\u064a\u0646 \u0648 \u064a\u062a\u0645 \u062a\u0631\u062a\u064a\u0628\u0647\u0627 \u0628\u0644\u063a\u062a\u064a \u0627\u0644\u0627\u0630\u0631\u0628\u064a\u062c\u0627\u0646\u064a\u0629 \u0648 \u0627\u0644\u0627\u062c\u0646\u0628\u064a\u0629 (\u0639\u0631\u0628\u064a\u0629 \u0627\u0648 \u0627\u0646\u062c\u0644\u064a\u0632\u064a\u0629 \u0627\u0648 \u0631\u0648\u0633\u064a\u0629 \u0648 \u0627\u0644\u062e) \u0627\u0630\u0627 \u062a\u0645 \u062a\u0627\u0633\u064a\u0633 \u0627\u0644\u0634\u0631\u0643\u0629 \u0645\u0646 \u0642\u0628\u0644 \u0627\u0644\u0627\u062c\u0627\u0646\u0628 \u0648 \u0644\u0643\u0644 \u0646\u0633\u062e\u062a\u064a\u0646 \u0644\u0647\u0645\u0627 \u0642\u0648\u0629 \u0642\u0627\u0646\u0648\u0646\u064a\u0629 \u0645\u062a\u0633\u0627\u0648\u064a\u0629.<\/span><\/p>\n<p><span style=\"color: #000000;\">\u062a\u062a\u0639\u0627\u0648\u0646 \u0634\u0631\u0643\u062a\u0646\u0627 \u0644\u064a\u0633 \u0641\u0642\u0637 \u0645\u0639 \u0627\u0644\u0634\u0631\u0643\u0627\u062a \u0627\u0644\u0645\u0624\u0633\u0633\u0629 \u0641\u064a \u062c\u0645\u0647\u0648\u0631\u064a\u0629 \u0627\u0630\u0631\u0628\u064a\u062c\u0627\u0646 \u0641\u062d\u0633\u0628 \u0628\u0644 \u0645\u0639 \u0627\u0644\u0634\u0631\u0643\u0627\u062a \u0627\u0644\u0645\u0633\u062c\u0644\u0629 \u0641\u064a \u0627\u0644\u0628\u0644\u062f\u0627\u0646 \u0627\u0644\u0627\u062c\u0646\u0628\u064a\u0629 \u0648 \u062a\u0642\u0648\u0645 \u0628\u0627\u0644\u062f\u0639\u0645 \u0648 \u0627\u0644\u062e\u062f\u0645\u0627\u062a \u0627\u0644\u0645\u0646\u0627\u0633\u0628\u0629 \u0644\u0647\u0627. \u062a\u0643\u062a\u0633\u0628 \u0635\u062f\u064a\u0642\u0627 \u0645\u0648\u062b\u0648\u0642\u0627 \u0628\u0647 \u0648\u062f\u0639\u0645\u0627 \u0645\u0645\u062a\u0627\u0632\u0627 \u0646\u062a\u064a\u062c\u0629 \u0627\u0644\u062a\u0639\u0627\u0648\u0646 \u0645\u0639\u0646\u0627. \u0648 \u0625\u0646 \u0645\u0648\u0638\u0641\u064a \u0634\u0631\u0643\u062a\u0646\u0627 \u0647\u0645 \u0645\u062e\u0635\u0635\u0648\u0646 \u0634\u0647\u064a\u0631\u0648\u0646 \u0641\u064a \u0645\u062e\u062a\u0644\u0641 \u0627\u0644\u0645\u062c\u0627\u0644\u0627\u062a \u0627\u0644\u0642\u0627\u0646\u0648\u0646\u064a\u0629 \u0648\u0627\u0644\u0645\u062d\u0627\u0633\u0628\u0629 \u0641\u064a \u0627\u0630\u0631\u0628\u064a\u062c\u0627\u0646 \u0648 \u0644\u0647\u0645 \u062e\u0628\u0631\u0629 \u0637\u0648\u064a\u0644\u0629 \u0641\u064a \u0627\u0644\u062a\u0639\u0627\u0645\u0644 \u0645\u0639 \u0627\u0644\u0634\u0631\u0643\u0627\u062a \u0627\u0644\u0645\u062d\u0644\u064a\u0629 \u0648 \u0627\u0644\u0627\u062c\u0646\u0628\u064a\u0629.<\/span> [vc_row][vc_column]<div class=\"sc_content main\" style=\"margin-top:95px !important;\"><h1 class=\"sc_title sc_title_regular\" style=\"text-align:center;\">\u062e\u062f\u0645\u0627\u062a \u0627\u0644\u0645\u062d\u0627\u0633\u0628\u0629<\/h1><div class=\"sc_section sc_aligncenter\" style=\"margin-bottom:2.1em !important;font-weight:300;font-size:18px;line-height:30px;color: #818175;\">[vc_column_text]\u062a\u062a\u0643\u0648\u0646 \u0645\u0646 \u0645\u0627 \u064a\u0644\u064a<span style=\"color: #000000;\">[\/vc_column_text]<\/div><\/div><div class=\"sc_content main\" style=\"margin-bottom:105px !important;\"><div id=\"sc_blogger_1183794563\" class=\"sc_blogger sc_blogger_horizontal style_portfolio3 portfolioWrap\"><section class=\"portfolio isotopeNOanim folio3col\" data-columns=\"3\">\n\t<article class=\"isotopeElement post_format_standard hover_Dir odd\">\n\n\t\t\n\t\t\t<div class=\"hover hoverDirShow\">\n\t\t\t\t\t\t\t\t<div class=\"folioShowBlock\">\n\t\t\t\t\t<div class=\"folioContentAfter\">\n\t\t\t\t\t\t<h4><a href=\"https:\/\/laws.az\/muhasibat-ucotu\/\">M\u00fchasibat u\u00e7otu<\/a><\/h4>\t\t\t\t\t\t<p>\n\t\t\t\t\t\tM\u00fchasibat u\u00e7otu M\u00fchasibat u\u00e7otu dedikd\u0259, h\u0259r bir m\u00fc\u0259ssis\u0259 v\u0259 t\u0259\u015fkilat\u0131n...\t\t\t\t\t\t<\/p>\n\t\t\t\t\t\t\t\t\t\t\t<\/div>\n\t\t\t\t<\/div>\n\t\t\t<\/div>\n\n\t\t\t<\/article>\n\n\t<article class=\"isotopeElement post_format_standard hover_Dir even\">\n\n\t\t\n\t\t\t<div class=\"hover hoverDirShow\">\n\t\t\t\t\t\t\t\t<div class=\"folioShowBlock\">\n\t\t\t\t\t<div class=\"folioContentAfter\">\n\t\t\t\t\t\t<h4><a href=\"https:\/\/laws.az\/%c9%99m%c9%99k-muqavil%c9%99si\/\">\u018fm\u0259k m\u00fcqavil\u0259si<\/a><\/h4>\t\t\t\t\t\t<p>\n\t\t\t\t\t\t\u018fm\u0259k m\u00fcqavil\u0259si Az\u0259rbaycan Respublikas\u0131n\u0131n \u018fm\u0259k M\u0259c\u0259ll\u0259si i\u015f\u00e7i v\u0259 i\u015f\u0259 g\u00f6t\u00fcr\u0259n aras\u0131nda...\t\t\t\t\t\t<\/p>\n\t\t\t\t\t\t\t\t\t\t\t<\/div>\n\t\t\t\t<\/div>\n\t\t\t<\/div>\n\n\t\t\t<\/article>\n\n\t<article class=\"isotopeElement post_format_standard hover_Dir odd\">\n\n\t\t\n\t\t\t<div class=\"hover hoverDirShow\">\n\t\t\t\t\t\t\t\t<div class=\"folioShowBlock\">\n\t\t\t\t\t<div class=\"folioContentAfter\">\n\t\t\t\t\t\t<h4><a href=\"https:\/\/laws.az\/kadr-ucotu\/\">Kadr u\u00e7otu<\/a><\/h4>\t\t\t\t\t\t<p>\n\t\t\t\t\t\tKadr u\u00e7otu H\u0259r bir m\u00fc\u0259ssis\u0259 v\u0259 t\u0259\u015fkilata kadr u\u00e7otunu h\u0259yata ke\u00e7irm\u0259k z\u0259ruridir...\t\t\t\t\t\t<\/p>\n\t\t\t\t\t\t\t\t\t\t\t<\/div>\n\t\t\t\t<\/div>\n\t\t\t<\/div>\n\n\t\t\t<\/article>\n\n\t<article class=\"isotopeElement post_format_standard hover_Dir even\">\n\n\t\t\n\t\t\t<div class=\"hover hoverDirShow\">\n\t\t\t\t\t\t\t\t<div class=\"folioShowBlock\">\n\t\t\t\t\t<div class=\"folioContentAfter\">\n\t\t\t\t\t\t<h4><a href=\"https:\/\/laws.az\/karguzarliq\/\">Karg\u00fczarl\u0131q<\/a><\/h4>\t\t\t\t\t\t<p>\n\t\t\t\t\t\tKarg\u00fczarl\u0131q M\u00fc\u0259ssis\u0259 v\u0259 t\u0259\u015fkilatlar, h\u00fcquqi \u015f\u0259xsl\u0259r t\u0259r\u0259find\u0259n d\u00fczg\u00fcn apar\u0131lan...\t\t\t\t\t\t<\/p>\n\t\t\t\t\t\t\t\t\t\t\t<\/div>\n\t\t\t\t<\/div>\n\t\t\t<\/div>\n\n\t\t\t<\/article>\n<\/section><\/div><div class=\"columnsWrap sc_columns sc_columns_count_1\"><div class=\"columns1_1 sc_column_item sc_column_item_1 odd first\" style=\"text-align:center;;\"><\/div><\/div><\/div>[\/vc_column][\/vc_row][vc_row][vc_column][vc_column_text]\u00a0<\/span><\/p>\n<h2 style=\"text-align: center;\"><span style=\"color: #000000;\">\u0645\u062d\u0627\u0633\u0628\u064a\u0646\u0627<\/span><\/h2>\n<p><span style=\"color: #000000;\"><div class=\"sc_team\"><div class=\"sc_columns columnsWrap\"><div class=\"columns1_3\"><div class=\"sc_team_item sc_team_item_1 odd first\"><div class=\"sc_team_item_avatar\"><img loading=\"lazy\" decoding=\"async\" class=\"wp-post-image\" width=\"370\" height=\"370\" alt=\"04_team.png\" src=\"http:\/\/laws.az\/wp-content\/uploads\/2018\/12\/04_team-370x370.png\"><div class=\"sc_team_item_description\">\u0645\u062d\u0627\u0633\u0628<\/span><span style=\"color: #000000;\"><\/div><\/div><div class=\"sc_team_item_info\"><h3 class=\"sc_team_item_title\"><a href=\"http:\/\/laws.az\/ar\/about-accountant\/\">\u0633\u0648\u0646\u0627<\/a><\/h3><div class=\"sc_team_item_position theme_accent2\">\u0645\u062d\u0627\u0633\u0628<\/div><ul class=\"sc_team_item_socials\"><li><a href=\"#\" class=\"social_icons icon-facebook\" target=\"_blank\"><\/a><\/li><li><a href=\"#\" class=\"social_icons icon-twitter\" target=\"_blank\"><\/a><\/li><li><a href=\"#\" class=\"social_icons icon-gplus\" target=\"_blank\"><\/a><\/li><li><a href=\"#\" class=\"social_icons icon-dribbble\" target=\"_blank\"><\/a><\/li><\/ul><\/div><\/div><\/div><div class=\"columns1_3\"><div class=\"sc_team_item sc_team_item_2 even\"><div class=\"sc_team_item_avatar\"><img loading=\"lazy\" decoding=\"async\" class=\"wp-post-image\" width=\"370\" height=\"370\" alt=\"03_team.png\" src=\"http:\/\/laws.az\/wp-content\/uploads\/2018\/12\/03_team-370x370.png\"><div class=\"sc_team_item_description\">\u0645\u062d\u0627\u0633\u0628 \u0639\u0627\u0644\u064a&#8230;<\/div><\/div><div class=\"sc_team_item_info\"><h3 class=\"sc_team_item_title\"><a href=\"http:\/\/laws.az\/ar\/about-accountant-2\/\">\u0635\u0641\u0631\u0648\u0641 \u0623\u062d\u0645\u062f<\/a><\/h3><div class=\"sc_team_item_position theme_accent2\">\u0645\u062d\u0627\u0633\u0628 \u0639\u0627\u0644\u064a<\/div><ul class=\"sc_team_item_socials\"><li><a href=\"#\" class=\"social_icons icon-facebook\" target=\"_blank\"><\/a><\/li><li><a href=\"#\" class=\"social_icons icon-twitter\" target=\"_blank\"><\/a><\/li><li><a href=\"#\" class=\"social_icons icon-gplus\" target=\"_blank\"><\/a><\/li><\/ul><\/div><\/div><\/div><\/div><\/div><div class=\"sc_line sc_line_style_solid\" style=\"border-top-width:1px;border-top-style:solid;border-top-color:#dddddd;\"><\/div><\/span>[\/vc_column_text][\/vc_column][\/vc_row][vc_row][vc_column]<div class=\"sc_content main\" style=\"margin-top:95px !important;\"><h1 class=\"sc_title sc_title_regular\" style=\"text-align:center;\"> <h2 style=\"text-align: center;\">\u0623\u0633\u0639\u0627\u0631 \u0644\u0644\u062e\u062f\u0645\u0627\u062a<\/h2> <\/h1><div class=\"sc_section sc_aligncenter\" style=\"margin-bottom:2.1em !important;font-weight:300;font-size:18px;line-height:30px;color: #818175;\">[vc_column_text][\/vc_column_text]<\/div><\/div><div class=\"sc_content main\" style=\"margin-bottom:110px !important;\"><div class=\"sc_pricing_table columns_3 alignCenter\"><div class=\"sc_pricing_columns sc_pricing_column_1\"><ul><li class=\"sc_pricing_data sc_pricing_title\"><div>Document<\/p>\n<p><span style=\"color: #000000;\">preparation<\/div><\/li><li class=\"sc_pricing_data sc_pricing_price\"><div>\n\t\t\t<div class=\"sc_price_item\">\n\t\t\t\t<div class=\"sc_price_currency\"> \u20bc<\/div>\n\t\t\t\t<div class=\"sc_price_money\">29.<\/div>\n\t\t\t\t<div class=\"sc_price_info\">\n\t\t\t\t\t<div class=\"sc_price_penny\">95<\/div>\n\t\t\t\t\t<div class=\"sc_price_period\"><\/div>\n\t\t\t\t<\/div>\n\t\t\t<\/div>\n\t\t<\/div><\/li><li class=\"sc_pricing_data\"><div>Get step-by-step instructions to customize and complete your documents<\/div><\/li><li class=\"sc_pricing_data\"><div>Edit, download, print and share as many documents as you need<\/div><\/li><li class=\"sc_pricing_data sc_pricing_footer\"><div><div class=\"sc_button sc_button_style_dark sc_button_size_medium squareButton dark medium\"><a href=\"#\" class=\"\">Sign Up<\/a><\/div><\/div><\/li><\/ul><\/div><div class=\"sc_pricing_columns sc_pricing_column_2\"><ul><li class=\"sc_pricing_data sc_pricing_title\"><div>Online Consulting<\/div><\/li><li class=\"sc_pricing_data sc_pricing_price\"><div>\n\t\t\t<div class=\"sc_price_item\">\n\t\t\t\t<div class=\"sc_price_currency\"> \u20bc<\/div>\n\t\t\t\t<div class=\"sc_price_money\">59.<\/div>\n\t\t\t\t<div class=\"sc_price_info\">\n\t\t\t\t\t<div class=\"sc_price_penny\">95<\/div>\n\t\t\t\t\t<div class=\"sc_price_period\"><\/div>\n\t\t\t\t<\/div>\n\t\t\t<\/div>\n\t\t<\/div><\/li><li class=\"sc_pricing_data\"><div>Sign your documents online in seconds<\/div><\/li><li class=\"sc_pricing_data\"><div>Receive deep discounts when you need more help<\/div><\/li><li class=\"sc_pricing_data sc_pricing_footer\"><div><div class=\"sc_button sc_button_style_dark sc_button_size_medium squareButton dark medium\"><a href=\"#\" class=\"\">Sign Up<\/a><\/div><\/div><\/li><\/ul><\/div><div class=\"sc_pricing_columns sc_pricing_column_3\"><ul><li class=\"sc_pricing_data sc_pricing_title\"><div>Deal Support<\/div><\/li><li class=\"sc_pricing_data sc_pricing_price\"><div>\n\t\t\t<div class=\"sc_price_item\">\n\t\t\t\t<div class=\"sc_price_currency\"> \u20bc<\/div>\n\t\t\t\t<div class=\"sc_price_money\">99.<\/div>\n\t\t\t\t<div class=\"sc_price_info\">\n\t\t\t\t\t<div class=\"sc_price_penny\">95<\/div>\n\t\t\t\t\t<div class=\"sc_price_period\"><\/div>\n\t\t\t\t<\/div>\n\t\t\t<\/div>\n\t\t<\/div><\/li><li class=\"sc_pricing_data\"><div>Ask a lawyer your legal questions<\/div><\/li><li class=\"sc_pricing_data\"><div>Have a lawyer review your work to make sure it&#8217;s done right<\/div><\/li><li class=\"sc_pricing_data sc_pricing_footer\"><div><div class=\"sc_button sc_button_style_dark sc_button_size_medium squareButton dark medium\"><a href=\"#\" class=\"\">Sign Up<\/a><\/div><\/div><\/li><\/ul><\/div><\/div><\/div>[\/vc_column][\/vc_row][vc_row][vc_column][vc_column_text]<\/span>[\/vc_column_text][\/vc_column][\/vc_row] ","protected":false},"excerpt":{"rendered":"<p>\u062e\u062f\u0645\u0627\u062a \u0627\u0644\u0645\u062d\u0627\u0633\u0628\u0629 \u0641\u064a \u0623\u0630\u0631\u0628\u064a\u062c\u0627\u0646 \u0627\u0635\u062f\u0642\u0627\u0624\u0646\u0627 \u0627\u0644\u0627\u0639\u0632\u0627\u0621. \u064a\u0642\u062f\u0645 laws.az \u062e\u062f\u0645\u0627\u062a \u0627\u0644\u0645\u062d\u0627\u0633\u0628\u0629 \u0644\u062c\u0645\u064a\u0639 \u0627\u0646\u0648\u0627\u0639 \u0627\u0644\u0634\u062e\u0635\u064a\u0627\u062a \u0627\u0644\u0645\u0639\u0646\u0648\u064a\u0629 \u0648 \u0627\u0644\u0637\u0628\u064a\u0639\u064a\u0629 \u0627\u0644\u062a\u064a \u062a\u0645 \u062a\u0627\u0633\u064a\u0633\u0647\u0627 \u0648 \u062a\u0633\u062c\u064a\u0644\u0647\u0627 \u0648 \u062a\u0642\u0648\u0645 \u0628\u0627\u0639\u0645\u0627\u0644\u0647\u0627 \u0641\u064a \u0627\u0631\u0627\u0636\u064a \u062c\u0645\u0647\u0648\u0631\u064a\u0629 \u0627\u0630\u0631\u0628\u064a\u062c\u0627\u0646. \u0637\u0628\u0639\u0627 \u064a\u062d\u062a\u0627\u062c \u0643\u0644 \u0631\u062c\u0644 \u0627\u0644\u0627\u0639\u0645\u0627\u0644 \u0625\u0644\u0649 \u062f\u0639\u0645 \u062e\u0628\u064a\u0631 \u0648 \u0627\u0633\u062a\u0634\u0627\u0631\u0627\u062a \u0642\u064a\u0651\u0645\u0629 \u0641\u064a \u0643\u0644 \u0627\u0648\u0642\u0627\u062a \u0627\u0644\u0639\u0645\u0644 \u0639\u0627\u0645\u0629 \u0648 \u0641\u064a \u0628\u062f\u0627\u064a\u0629 \u0627\u0639\u0645\u0627\u0644\u0647\u0645 \u0627\u0644\u062a\u062c\u0627\u0631\u064a\u0629 \u062e\u0627\u0635\u0629. \u064a\u0645\u0643\u0646\u0643\u0645 \u062a\u062c\u0646\u0628 \u0645\u0646 \u0627\u064a \u0645\u0634\u0627\u0643\u0644 [&hellip;] ","protected":false},"author":1,"featured_media":5509,"parent":0,"menu_order":0,"comment_status":"closed","ping_status":"closed","template":"","meta":{"footnotes":""},"yst_prominent_words":[],"class_list":["post-6274","page","type-page","status-publish","has-post-thumbnail","hentry"],"_links":{"self":[{"href":"https:\/\/laws.az\/ar\/wp-json\/wp\/v2\/pages\/6274\/"}],"collection":[{"href":"https:\/\/laws.az\/ar\/wp-json\/wp\/v2\/pages\/"}],"about":[{"href":"https:\/\/laws.az\/ar\/wp-json\/wp\/v2\/types\/page\/"}],"author":[{"embeddable":true,"href":"https:\/\/laws.az\/ar\/wp-json\/wp\/v2\/users\/1\/"}],"replies":[{"embeddable":true,"href":"https:\/\/laws.az\/ar\/wp-json\/wp\/v2\/comments\/?post=6274"}],"version-history":[{"count":0,"href":"https:\/\/laws.az\/ar\/wp-json\/wp\/v2\/pages\/6274\/revisions\/"}],"wp:featuredmedia":[{"embeddable":true,"href":"https:\/\/laws.az\/ar\/wp-json\/wp\/v2\/media\/5509\/"}],"wp:attachment":[{"href":"https:\/\/laws.az\/ar\/wp-json\/wp\/v2\/media\/?parent=6274"}],"wp:term":[{"taxonomy":"yst_prominent_words","embeddable":true,"href":"https:\/\/laws.az\/ar\/wp-json\/wp\/v2\/yst_prominent_words\/?post=6274"}],"curies":[{"name":"wp","href":"https:\/\/api.w.org\/{rel}","templated":true}]}}